{"id":558,"date":"2020-07-13T21:53:30","date_gmt":"2020-07-14T00:53:30","guid":{"rendered":"https:\/\/jogamiga.com.br\/lugar\/?page_id=558"},"modified":"2020-07-13T21:53:50","modified_gmt":"2020-07-14T00:53:50","slug":"quem-somos","status":"publish","type":"page","link":"https:\/\/jogamiga.com.br\/lugar\/quem-somos\/","title":{"rendered":"Quem somos"},"content":{"rendered":"\n<p><strong>Conhe\u00e7a melhor o projeto JogaMiga <\/strong><\/p>\n\n\n\n<p>O #<strong>JogaMiga<\/strong> \u00e9 uma iniciativa multi-\u00e1reas voltada para o fomento do <strong>futebol feminino<\/strong>. Criado em 2015, o projeto que nasceu como um time amador, hoje atua tamb\u00e9m como portal de not\u00edcias, ferramenta de busca e espa\u00e7o para pr\u00e1tica do esporte, oferecendo aulas e treinos para mulheres come\u00e7arem no futebol num espa\u00e7o seguro e com qualidade.<\/p>\n\n\n\n<p><strong>O QUE FAZEMOS&nbsp;<\/strong><\/p>\n\n\n\n<p>Por meio de conte\u00fado, ferramentas de busca e oferta de treinos, o #<strong>JogaMiga<\/strong> trabalha para trazer mais visibilidade e acesso ao futebol feminino.<\/p>\n\n\n\n<p>Enquanto o <a href=\"https:\/\/jogamiga.com.br\" target=\"_blank\" rel=\"noreferrer noopener\"><strong>portal de not\u00edcias<\/strong> do JogaMiga<\/a> atua como fonte refer\u00eancia para quem busca se informar sobre a hist\u00f3ria do futebol feminino, atuais campeonatos, atletas e curiosidades, o <strong>Mapa do Futebol<\/strong> re\u00fane uma lista atualizada de espa\u00e7os ocupados por mulheres para a pr\u00e1tica do futebol feminino por todo o Brasil, incluindo os <strong><a href=\"https:\/\/jogamiga.com.br\/querojogar\" target=\"_blank\" rel=\"noreferrer noopener\">treinos<\/a><\/strong> oferecidos e organizados pelo pr\u00f3prio JogaMiga.\u00a0<\/p>\n\n\n\n<p><strong>COMO FAZEMOS<\/strong><\/p>\n\n\n\n<p>O #JogaMiga conta com uma equipe de profissionais diversificada que se divide em:<\/p>\n\n\n\n<p>&#8211;<strong> Professores e professoras especializados<\/strong> que trabalham com uma metodologia voltada para o<strong> futebol feminino <\/strong>e para o desenvolvimento das atletas, sejam <strong>iniciantes<\/strong> ou <strong>avan\u00e7adas<\/strong>.\u00a0<\/p>\n\n\n\n<p>&#8211; <strong>Jornalistas<\/strong>, <strong>designers<\/strong> e <strong>programadoras<\/strong> que trabalham para manter o conte\u00fado do portal e redes sociais e o Mapa do Futebol atualizados.\u00a0<\/p>\n\n\n\n<p>&#8211; <strong>Volunt\u00e1rias<\/strong> que atuam diretamente com as turmas de treinos atendendo demandas do dia a dia como gerenciamento de agenda, financeiro, etc.\u00a0<\/p>\n","protected":false},"excerpt":{"rendered":"<p>Conhe\u00e7a melhor o projeto JogaMiga O #JogaMiga \u00e9 uma iniciativa multi-\u00e1reas voltada para o fomento do futebol feminino. Criado em 2015, o projeto que nasceu como um time amador, hoje atua tamb\u00e9m como portal de not\u00edcias, ferramenta de busca e espa\u00e7o para pr\u00e1tica do esporte, oferecendo aulas e treinos para mulheres come\u00e7arem no futebol num<a class=\"moretag\" href=\"https:\/\/jogamiga.com.br\/lugar\/quem-somos\/\"> Ver detalhes<\/a><\/p>\n","protected":false},"author":1,"featured_media":0,"parent":0,"menu_order":0,"comment_status":"closed","ping_status":"closed","template":"","meta":{"footnotes":""},"class_list":["post-558","page","type-page","status-publish","hentry"],"_links":{"self":[{"href":"https:\/\/jogamiga.com.br\/lugar\/wp-json\/wp\/v2\/pages\/558","targetHints":{"allow":["GET"]}}],"collection":[{"href":"https:\/\/jogamiga.com.br\/lugar\/wp-json\/wp\/v2\/pages"}],"about":[{"href":"https:\/\/jogamiga.com.br\/lugar\/wp-json\/wp\/v2\/types\/page"}],"author":[{"embeddable":true,"href":"https:\/\/jogamiga.com.br\/lugar\/wp-json\/wp\/v2\/users\/1"}],"replies":[{"embeddable":true,"href":"https:\/\/jogamiga.com.br\/lugar\/wp-json\/wp\/v2\/comments?post=558"}],"version-history":[{"count":0,"href":"https:\/\/jogamiga.com.br\/lugar\/wp-json\/wp\/v2\/pages\/558\/revisions"}],"wp:attachment":[{"href":"https:\/\/jogamiga.com.br\/lugar\/wp-json\/wp\/v2\/media?parent=558"}],"curies":[{"name":"wp","href":"https:\/\/api.w.org\/{rel}","templated":true}]}}